{"id":3,"date":"2025-06-05T15:57:23","date_gmt":"2025-06-05T13:57:23","guid":{"rendered":"http:\/\/emploi-services-gramat.fr\/?page_id=3"},"modified":"2026-02-06T17:36:45","modified_gmt":"2026-02-06T16:36:45","slug":"mentions-legales-et-politique-de-confidentialite","status":"publish","type":"page","link":"https:\/\/emploi-services-gramat.fr\/index.php\/mentions-legales-et-politique-de-confidentialite\/","title":{"rendered":"Mentions L\u00e9gales et Politique de Confidentialit\u00e9"},"content":{"rendered":"\t\t<div data-elementor-type=\"wp-page\" data-elementor-id=\"3\" class=\"elementor elementor-3\" data-elementor-post-type=\"page\">\n\t\t\t\t<div class=\"elementor-element elementor-element-4f47b666 e-flex e-con-boxed e-con e-parent\" data-id=\"4f47b666\" data-element_type=\"container\">\n\t\t\t\t\t<div class=\"e-con-inner\">\n\t\t\t\t<div class=\"elementor-element elementor-element-49a2a61a elementor-widget elementor-widget-text-editor\" data-id=\"49a2a61a\" data-element_type=\"widget\" data-widget_type=\"text-editor.default\">\n\t\t\t\t<div class=\"elementor-widget-container\">\n\t\t\t\t\t\t\t\t\t\n<h2 class=\"wp-block-heading\">Mentions L\u00e9gales et Politique de Confidentialit\u00e9<\/h2>\n<h4>\u00a0<\/h4>\n<h4 class=\"wp-block-heading\">1. \u00c9diteur du site<\/h4>\n\n<p>Le site <strong>emploi-services-gramat.fr<\/strong> est \u00e9dit\u00e9 par l&#8217;association <strong>Emploi Services Gramat<\/strong>.<\/p>\n\n<ul class=\"wp-block-list\">\n<li><strong>Statut juridique :<\/strong> Association Interm\u00e9diaire (Loi 1901)<\/li>\n\n<li><strong>Adresse du si\u00e8ge social :<\/strong> 3 rue de la balme, 46500 Gramat<\/li>\n\n<li><strong>T\u00e9l\u00e9phone :<\/strong> 05 65 38 88 80<\/li>\n\n<li><strong>Email :<\/strong> accueil.emploi-services@orange.fr<\/li>\n\n<li><strong>Num\u00e9ro SIRET :<\/strong> 34885636000063<\/li>\n\n<li><strong>Directrice de la publication :<\/strong> Mme Michelle Huet (Pr\u00e9sidente)<\/li>\n\n<li><strong>Responsable de la r\u00e9daction :<\/strong> Mme Chrystelle Susset (Directrice)<\/li>\n<\/ul>\n\n<h4 class=\"wp-block-heading\">2. H\u00e9bergement du site<\/h4>\n\n<p>Le site est h\u00e9berg\u00e9 par :<\/p>\n\n<ul class=\"wp-block-list\">\n<li><strong>Nom de l&#8217;h\u00e9bergeur :<\/strong> OVH Cloud<\/li>\n\n<li><strong>Adresse :<\/strong> 2 rue Kellermann, 59100 Roubaix, France<\/li>\n\n<li><strong>T\u00e9l\u00e9phone :<\/strong> +33 9 72 10 10 07<\/li>\n<\/ul>\n\n<h4 class=\"wp-block-heading\">3. Propri\u00e9t\u00e9 intellectuelle<\/h4>\n\n<p>L\u2019ensemble de ce site rel\u00e8ve de la l\u00e9gislation fran\u00e7aise et internationale sur le droit d\u2019auteur et la propri\u00e9t\u00e9 intellectuelle. Tous les droits de reproduction sont r\u00e9serv\u00e9s, y compris pour les documents t\u00e9l\u00e9chargeables et les repr\u00e9sentations iconographiques et photographiques. La reproduction de tout ou partie de ce site sur un support \u00e9lectronique quel qu\u2019il soit est formellement interdite sauf autorisation expresse du directeur de la publication.<\/p>\n\n<h4 class=\"wp-block-heading\">4. Protection des donn\u00e9es personnelles (RGPD)<\/h4>\n\n<p>Dans le cadre de son activit\u00e9, l&#8217;association Emploi Services Gramat est amen\u00e9e \u00e0 collecter des donn\u00e9es personnelles via ses formulaires de contact (Nom, Pr\u00e9nom, Email, T\u00e9l\u00e9phone, Statut).<\/p>\n\n<ul class=\"wp-block-list\">\n<li><strong>Finalit\u00e9 des donn\u00e9es :<\/strong> Ces informations sont enregistr\u00e9es uniquement pour le traitement de votre demande (mise \u00e0 disposition de personnel, candidature, demande de renseignements). Elles ne sont jamais vendues \u00e0 des tiers.<\/li>\n\n<li><strong>Dur\u00e9e de conservation :<\/strong> Les donn\u00e9es sont conserv\u00e9es pendant la dur\u00e9e n\u00e9cessaire au traitement de la demande.<\/li>\n\n<li><strong>Vos droits :<\/strong> Conform\u00e9ment \u00e0 la loi \u00ab Informatique et Libert\u00e9s \u00bb et au RGPD, vous pouvez exercer votre droit d&#8217;acc\u00e8s, de rectification ou de suppression des donn\u00e9es vous concernant en<br \/>contactant : accueil.emploi-services@orange.fr<\/li>\n<\/ul>\n\n<h4 class=\"wp-block-heading\">5. Cookies<\/h4>\n\n<p>Le site <strong>emploi-services-gramat.fr<\/strong> peut \u00eatre amen\u00e9 \u00e0 utiliser des cookies pour assurer le bon fonctionnement du site et r\u00e9aliser des statistiques de visites anonymes. L&#8217;utilisateur peut configurer son navigateur pour refuser les cookies. En naviguant sur ce site sans modifier vos param\u00e8tres, vous acceptez l&#8217;utilisation de ces cookies.<\/p>\n\n<h4 class=\"wp-block-heading\">6. Cr\u00e9dits<\/h4>\n\n<p><strong>Cr\u00e9dits photos :<\/strong> Quentin Susset, Agence cr\u00e9ative <strong>Atelier27<\/strong> | <a href=\"https:\/\/linktr.ee\/quentin.atelier27\">Contact<\/a><\/p>\n\n<p><strong>Conception du site :<\/strong> Quentin Susset, Agence cr\u00e9ative <strong>Atelier27<\/strong> | <a href=\"https:\/\/linktr.ee\/quentin.atelier27\">Contact<\/a><\/p>\n\t\t\t\t\t\t\t\t<\/div>\n\t\t\t\t<\/div>\n\t\t\t\t\t<\/div>\n\t\t\t\t<\/div>\n\t\t\t\t<\/div>\n\t\t","protected":false},"excerpt":{"rendered":"<p>Mentions L\u00e9gales et Politique de Confidentialit\u00e9 \u00a0 1. \u00c9diteur du site Le site emploi-services-gramat.fr est \u00e9dit\u00e9 par l&#8217;association Emploi Services Gramat. 2. H\u00e9bergement du site Le site est h\u00e9berg\u00e9 par : 3. Propri\u00e9t\u00e9 intellectuelle L\u2019ensemble de ce site rel\u00e8ve de la l\u00e9gislation fran\u00e7aise et internationale sur le droit d\u2019auteur et la propri\u00e9t\u00e9 intellectuelle. Tous les [&hellip;]<\/p>\n","protected":false},"author":1,"featured_media":0,"parent":0,"menu_order":0,"comment_status":"closed","ping_status":"open","template":"","meta":{"footnotes":""},"class_list":["post-3","page","type-page","status-publish","hentry"],"yoast_head":"<!-- This site is optimized with the Yoast SEO plugin v26.4 - https:\/\/yoast.com\/wordpress\/plugins\/seo\/ -->\n<title>Mentions L\u00e9gales et Politique de Confidentialit\u00e9 - Emploi Services Gramat<\/title>\n<meta name=\"robots\" content=\"index, follow, max-snippet:-1, max-image-preview:large, max-video-preview:-1\" \/>\n<link rel=\"canonical\" href=\"https:\/\/emploi-services-gramat.fr\/index.php\/mentions-legales-et-politique-de-confidentialite\/\" \/>\n<meta property=\"og:locale\" content=\"en_US\" \/>\n<meta property=\"og:type\" content=\"article\" \/>\n<meta property=\"og:title\" content=\"Mentions L\u00e9gales et Politique de Confidentialit\u00e9 - Emploi Services Gramat\" \/>\n<meta property=\"og:description\" content=\"Mentions L\u00e9gales et Politique de Confidentialit\u00e9 \u00a0 1. \u00c9diteur du site Le site emploi-services-gramat.fr est \u00e9dit\u00e9 par l&#8217;association Emploi Services Gramat. 2. H\u00e9bergement du site Le site est h\u00e9berg\u00e9 par : 3. Propri\u00e9t\u00e9 intellectuelle L\u2019ensemble de ce site rel\u00e8ve de la l\u00e9gislation fran\u00e7aise et internationale sur le droit d\u2019auteur et la propri\u00e9t\u00e9 intellectuelle. Tous les [&hellip;]\" \/>\n<meta property=\"og:url\" content=\"https:\/\/emploi-services-gramat.fr\/index.php\/mentions-legales-et-politique-de-confidentialite\/\" \/>\n<meta property=\"og:site_name\" content=\"Emploi Services Gramat\" \/>\n<meta property=\"article:publisher\" content=\"https:\/\/www.facebook.com\/emploiservicesgramat\" \/>\n<meta property=\"article:modified_time\" content=\"2026-02-06T16:36:45+00:00\" \/>\n<meta name=\"twitter:card\" content=\"summary_large_image\" \/>\n<meta name=\"twitter:label1\" content=\"Est. reading time\" \/>\n\t<meta name=\"twitter:data1\" content=\"2 minutes\" \/>\n<script type=\"application\/ld+json\" class=\"yoast-schema-graph\">{\"@context\":\"https:\/\/schema.org\",\"@graph\":[{\"@type\":\"WebPage\",\"@id\":\"https:\/\/emploi-services-gramat.fr\/index.php\/mentions-legales-et-politique-de-confidentialite\/\",\"url\":\"https:\/\/emploi-services-gramat.fr\/index.php\/mentions-legales-et-politique-de-confidentialite\/\",\"name\":\"Mentions L\u00e9gales et Politique de Confidentialit\u00e9 - Emploi Services Gramat\",\"isPartOf\":{\"@id\":\"https:\/\/emploi-services-gramat.fr\/#website\"},\"datePublished\":\"2025-06-05T13:57:23+00:00\",\"dateModified\":\"2026-02-06T16:36:45+00:00\",\"breadcrumb\":{\"@id\":\"https:\/\/emploi-services-gramat.fr\/index.php\/mentions-legales-et-politique-de-confidentialite\/#breadcrumb\"},\"inLanguage\":\"en-US\",\"potentialAction\":[{\"@type\":\"ReadAction\",\"target\":[\"https:\/\/emploi-services-gramat.fr\/index.php\/mentions-legales-et-politique-de-confidentialite\/\"]}]},{\"@type\":\"BreadcrumbList\",\"@id\":\"https:\/\/emploi-services-gramat.fr\/index.php\/mentions-legales-et-politique-de-confidentialite\/#breadcrumb\",\"itemListElement\":[{\"@type\":\"ListItem\",\"position\":1,\"name\":\"Accueil\",\"item\":\"https:\/\/emploi-services-gramat.fr\/\"},{\"@type\":\"ListItem\",\"position\":2,\"name\":\"Mentions L\u00e9gales et Politique de Confidentialit\u00e9\"}]},{\"@type\":\"WebSite\",\"@id\":\"https:\/\/emploi-services-gramat.fr\/#website\",\"url\":\"https:\/\/emploi-services-gramat.fr\/\",\"name\":\"Emploi Services Gramat\",\"description\":\"Association interm\u00e9diaire - Mise \u00e0 disposition de personnel\",\"publisher\":{\"@id\":\"https:\/\/emploi-services-gramat.fr\/#organization\"},\"potentialAction\":[{\"@type\":\"SearchAction\",\"target\":{\"@type\":\"EntryPoint\",\"urlTemplate\":\"https:\/\/emploi-services-gramat.fr\/?s={search_term_string}\"},\"query-input\":{\"@type\":\"PropertyValueSpecification\",\"valueRequired\":true,\"valueName\":\"search_term_string\"}}],\"inLanguage\":\"en-US\"},{\"@type\":\"Organization\",\"@id\":\"https:\/\/emploi-services-gramat.fr\/#organization\",\"name\":\"Emploi Services Gramat\",\"url\":\"https:\/\/emploi-services-gramat.fr\/\",\"logo\":{\"@type\":\"ImageObject\",\"inLanguage\":\"en-US\",\"@id\":\"https:\/\/emploi-services-gramat.fr\/#\/schema\/logo\/image\/\",\"url\":\"https:\/\/emploi-services-gramat.fr\/wp-content\/uploads\/2025\/09\/es-bord-b-scaled.png\",\"contentUrl\":\"https:\/\/emploi-services-gramat.fr\/wp-content\/uploads\/2025\/09\/es-bord-b-scaled.png\",\"width\":2560,\"height\":1334,\"caption\":\"Emploi Services Gramat\"},\"image\":{\"@id\":\"https:\/\/emploi-services-gramat.fr\/#\/schema\/logo\/image\/\"},\"sameAs\":[\"https:\/\/www.facebook.com\/emploiservicesgramat\"]}]}<\/script>\n<!-- \/ Yoast SEO plugin. -->","yoast_head_json":{"title":"Mentions L\u00e9gales et Politique de Confidentialit\u00e9 - Emploi Services Gramat","robots":{"index":"index","follow":"follow","max-snippet":"max-snippet:-1","max-image-preview":"max-image-preview:large","max-video-preview":"max-video-preview:-1"},"canonical":"https:\/\/emploi-services-gramat.fr\/index.php\/mentions-legales-et-politique-de-confidentialite\/","og_locale":"en_US","og_type":"article","og_title":"Mentions L\u00e9gales et Politique de Confidentialit\u00e9 - Emploi Services Gramat","og_description":"Mentions L\u00e9gales et Politique de Confidentialit\u00e9 \u00a0 1. \u00c9diteur du site Le site emploi-services-gramat.fr est \u00e9dit\u00e9 par l&#8217;association Emploi Services Gramat. 2. H\u00e9bergement du site Le site est h\u00e9berg\u00e9 par : 3. Propri\u00e9t\u00e9 intellectuelle L\u2019ensemble de ce site rel\u00e8ve de la l\u00e9gislation fran\u00e7aise et internationale sur le droit d\u2019auteur et la propri\u00e9t\u00e9 intellectuelle. Tous les [&hellip;]","og_url":"https:\/\/emploi-services-gramat.fr\/index.php\/mentions-legales-et-politique-de-confidentialite\/","og_site_name":"Emploi Services Gramat","article_publisher":"https:\/\/www.facebook.com\/emploiservicesgramat","article_modified_time":"2026-02-06T16:36:45+00:00","twitter_card":"summary_large_image","twitter_misc":{"Est. reading time":"2 minutes"},"schema":{"@context":"https:\/\/schema.org","@graph":[{"@type":"WebPage","@id":"https:\/\/emploi-services-gramat.fr\/index.php\/mentions-legales-et-politique-de-confidentialite\/","url":"https:\/\/emploi-services-gramat.fr\/index.php\/mentions-legales-et-politique-de-confidentialite\/","name":"Mentions L\u00e9gales et Politique de Confidentialit\u00e9 - Emploi Services Gramat","isPartOf":{"@id":"https:\/\/emploi-services-gramat.fr\/#website"},"datePublished":"2025-06-05T13:57:23+00:00","dateModified":"2026-02-06T16:36:45+00:00","breadcrumb":{"@id":"https:\/\/emploi-services-gramat.fr\/index.php\/mentions-legales-et-politique-de-confidentialite\/#breadcrumb"},"inLanguage":"en-US","potentialAction":[{"@type":"ReadAction","target":["https:\/\/emploi-services-gramat.fr\/index.php\/mentions-legales-et-politique-de-confidentialite\/"]}]},{"@type":"BreadcrumbList","@id":"https:\/\/emploi-services-gramat.fr\/index.php\/mentions-legales-et-politique-de-confidentialite\/#breadcrumb","itemListElement":[{"@type":"ListItem","position":1,"name":"Accueil","item":"https:\/\/emploi-services-gramat.fr\/"},{"@type":"ListItem","position":2,"name":"Mentions L\u00e9gales et Politique de Confidentialit\u00e9"}]},{"@type":"WebSite","@id":"https:\/\/emploi-services-gramat.fr\/#website","url":"https:\/\/emploi-services-gramat.fr\/","name":"Emploi Services Gramat","description":"Association interm\u00e9diaire - Mise \u00e0 disposition de personnel","publisher":{"@id":"https:\/\/emploi-services-gramat.fr\/#organization"},"potentialAction":[{"@type":"SearchAction","target":{"@type":"EntryPoint","urlTemplate":"https:\/\/emploi-services-gramat.fr\/?s={search_term_string}"},"query-input":{"@type":"PropertyValueSpecification","valueRequired":true,"valueName":"search_term_string"}}],"inLanguage":"en-US"},{"@type":"Organization","@id":"https:\/\/emploi-services-gramat.fr\/#organization","name":"Emploi Services Gramat","url":"https:\/\/emploi-services-gramat.fr\/","logo":{"@type":"ImageObject","inLanguage":"en-US","@id":"https:\/\/emploi-services-gramat.fr\/#\/schema\/logo\/image\/","url":"https:\/\/emploi-services-gramat.fr\/wp-content\/uploads\/2025\/09\/es-bord-b-scaled.png","contentUrl":"https:\/\/emploi-services-gramat.fr\/wp-content\/uploads\/2025\/09\/es-bord-b-scaled.png","width":2560,"height":1334,"caption":"Emploi Services Gramat"},"image":{"@id":"https:\/\/emploi-services-gramat.fr\/#\/schema\/logo\/image\/"},"sameAs":["https:\/\/www.facebook.com\/emploiservicesgramat"]}]}},"_links":{"self":[{"href":"https:\/\/emploi-services-gramat.fr\/index.php\/wp-json\/wp\/v2\/pages\/3","targetHints":{"allow":["GET"]}}],"collection":[{"href":"https:\/\/emploi-services-gramat.fr\/index.php\/wp-json\/wp\/v2\/pages"}],"about":[{"href":"https:\/\/emploi-services-gramat.fr\/index.php\/wp-json\/wp\/v2\/types\/page"}],"author":[{"embeddable":true,"href":"https:\/\/emploi-services-gramat.fr\/index.php\/wp-json\/wp\/v2\/users\/1"}],"replies":[{"embeddable":true,"href":"https:\/\/emploi-services-gramat.fr\/index.php\/wp-json\/wp\/v2\/comments?post=3"}],"version-history":[{"count":17,"href":"https:\/\/emploi-services-gramat.fr\/index.php\/wp-json\/wp\/v2\/pages\/3\/revisions"}],"predecessor-version":[{"id":710,"href":"https:\/\/emploi-services-gramat.fr\/index.php\/wp-json\/wp\/v2\/pages\/3\/revisions\/710"}],"wp:attachment":[{"href":"https:\/\/emploi-services-gramat.fr\/index.php\/wp-json\/wp\/v2\/media?parent=3"}],"curies":[{"name":"wp","href":"https:\/\/api.w.org\/{rel}","templated":true}]}}