{"id":83,"date":"2025-09-10T11:59:53","date_gmt":"2025-09-10T09:59:53","guid":{"rendered":"https:\/\/emploi-services-gramat.fr\/index.php\/services\/"},"modified":"2025-11-25T08:49:45","modified_gmt":"2025-11-25T07:49:45","slug":"offredemplois","status":"publish","type":"page","link":"https:\/\/emploi-services-gramat.fr\/index.php\/offredemplois\/","title":{"rendered":"Offres d&#8217;emploi"},"content":{"rendered":"\t\t<div data-elementor-type=\"wp-page\" data-elementor-id=\"83\" class=\"elementor elementor-83\" data-elementor-post-type=\"page\">\n\t\t\t\t<div class=\"elementor-element elementor-element-bfad0be e-flex e-con-boxed e-con e-parent\" data-id=\"bfad0be\" data-element_type=\"container\" data-settings=\"{&quot;background_background&quot;:&quot;classic&quot;}\">\n\t\t\t\t\t<div class=\"e-con-inner\">\n\t\t\t\t<div class=\"elementor-element elementor-element-54ddf58b elementor-invisible elementor-widget elementor-widget-heading\" data-id=\"54ddf58b\" data-element_type=\"widget\" data-settings=\"{&quot;_animation&quot;:&quot;fadeIn&quot;}\" data-widget_type=\"heading.default\">\n\t\t\t\t<div class=\"elementor-widget-container\">\n\t\t\t\t\t<h1 class=\"elementor-heading-title elementor-size-default\">Nos offres<\/h1>\t\t\t\t<\/div>\n\t\t\t\t<\/div>\n\t\t\t\t<div class=\"elementor-element elementor-element-48d92054 elementor-widget__width-initial elementor-invisible elementor-widget elementor-widget-text-editor\" data-id=\"48d92054\" data-element_type=\"widget\" data-settings=\"{&quot;_animation&quot;:&quot;fadeIn&quot;,&quot;_animation_delay&quot;:300}\" data-widget_type=\"text-editor.default\">\n\t\t\t\t<div class=\"elementor-widget-container\">\n\t\t\t\t\t\t\t\t\t<p>D\u00e9couvrez des offres d&#8217;emploi vari\u00e9es autour de la r\u00e9gion gramatoise<\/p>\t\t\t\t\t\t\t\t<\/div>\n\t\t\t\t<\/div>\n\t\t\t\t\t<\/div>\n\t\t\t\t<\/div>\n\t\t<div class=\"elementor-element elementor-element-2582e5c5 e-flex e-con-boxed e-con e-parent\" data-id=\"2582e5c5\" data-element_type=\"container\">\n\t\t\t\t\t<div class=\"e-con-inner\">\n\t\t<div class=\"elementor-element elementor-element-3b11c2bd e-con-full e-flex elementor-invisible e-con e-child\" data-id=\"3b11c2bd\" data-element_type=\"container\" data-settings=\"{&quot;animation&quot;:&quot;slideInUp&quot;,&quot;background_background&quot;:&quot;classic&quot;,&quot;animation_delay&quot;:600}\">\n\t\t\t\t<div class=\"elementor-element elementor-element-9c77896 elementor-posts--align-center elementor-grid-3 elementor-grid-tablet-2 elementor-grid-mobile-1 elementor-posts--thumbnail-top elementor-widget elementor-widget-posts\" data-id=\"9c77896\" data-element_type=\"widget\" data-settings=\"{&quot;classic_columns&quot;:&quot;3&quot;,&quot;classic_columns_tablet&quot;:&quot;2&quot;,&quot;classic_columns_mobile&quot;:&quot;1&quot;,&quot;classic_row_gap&quot;:{&quot;unit&quot;:&quot;px&quot;,&quot;size&quot;:35,&quot;sizes&quot;:[]},&quot;classic_row_gap_tablet&quot;:{&quot;unit&quot;:&quot;px&quot;,&quot;size&quot;:&quot;&quot;,&quot;sizes&quot;:[]},&quot;classic_row_gap_mobile&quot;:{&quot;unit&quot;:&quot;px&quot;,&quot;size&quot;:&quot;&quot;,&quot;sizes&quot;:[]}}\" data-widget_type=\"posts.classic\">\n\t\t\t\t<div class=\"elementor-widget-container\">\n\t\t\t\t\t\t\t<div class=\"elementor-posts-container elementor-posts elementor-posts--skin-classic elementor-grid\" role=\"list\">\n\t\t\t\t<article class=\"elementor-post elementor-grid-item post-598 post type-post status-publish format-standard has-post-thumbnail hentry category-offresemploi\" role=\"listitem\">\n\t\t\t\t<a class=\"elementor-post__thumbnail__link\" href=\"https:\/\/emploi-services-gramat.fr\/index.php\/2025\/11\/26\/controleur-controleuse-technique-automobile-vehicule-leger-h-f-46-gramat-46500\/\" tabindex=\"-1\" >\n\t\t\t<div class=\"elementor-post__thumbnail\"><img fetchpriority=\"high\" decoding=\"async\" width=\"300\" height=\"200\" src=\"https:\/\/emploi-services-gramat.fr\/wp-content\/uploads\/2025\/11\/jimmy-nilsson-masth-9uHal2Dd9aE-unsplash-300x200.jpg\" class=\"attachment-medium size-medium wp-image-599\" alt=\"\" srcset=\"https:\/\/emploi-services-gramat.fr\/wp-content\/uploads\/2025\/11\/jimmy-nilsson-masth-9uHal2Dd9aE-unsplash-300x200.jpg 300w, https:\/\/emploi-services-gramat.fr\/wp-content\/uploads\/2025\/11\/jimmy-nilsson-masth-9uHal2Dd9aE-unsplash-1024x683.jpg 1024w, https:\/\/emploi-services-gramat.fr\/wp-content\/uploads\/2025\/11\/jimmy-nilsson-masth-9uHal2Dd9aE-unsplash-768x512.jpg 768w\" sizes=\"(max-width: 300px) 100vw, 300px\" \/><\/div>\n\t\t<\/a>\n\t\t\t\t<div class=\"elementor-post__text\">\n\t\t\t\t<h4 class=\"elementor-post__title\">\n\t\t\t<a href=\"https:\/\/emploi-services-gramat.fr\/index.php\/2025\/11\/26\/controleur-controleuse-technique-automobile-vehicule-leger-h-f-46-gramat-46500\/\" >\n\t\t\t\tContr\u00f4leur\/Contr\u00f4leuse technique automobile v\u00e9hicule l\u00e9ger (H\/F) 46 &#8211; GRAMAT (46500)\t\t\t<\/a>\n\t\t<\/h4>\n\t\t\t\t<div class=\"elementor-post__meta-data\">\n\t\t\t\t\t<span class=\"elementor-post-date\">\n\t\t\t26 November 2025\t\t<\/span>\n\t\t\t\t<\/div>\n\t\t\n\t\t<a class=\"elementor-post__read-more\" href=\"https:\/\/emploi-services-gramat.fr\/index.php\/2025\/11\/26\/controleur-controleuse-technique-automobile-vehicule-leger-h-f-46-gramat-46500\/\" aria-label=\"Read more about Contr\u00f4leur\/Contr\u00f4leuse technique automobile v\u00e9hicule l\u00e9ger (H\/F) 46 &#8211; GRAMAT (46500)\" tabindex=\"-1\" >\n\t\t\tvoir l'annonce\t\t<\/a>\n\n\t\t\t\t<\/div>\n\t\t\t\t<\/article>\n\t\t\t\t<article class=\"elementor-post elementor-grid-item post-388 post type-post status-publish format-standard has-post-thumbnail hentry category-offresemploi\" role=\"listitem\">\n\t\t\t\t<a class=\"elementor-post__thumbnail__link\" href=\"https:\/\/emploi-services-gramat.fr\/index.php\/2025\/11\/13\/garde-denfant-issendolus\/\" tabindex=\"-1\" >\n\t\t\t<div class=\"elementor-post__thumbnail\"><img decoding=\"async\" width=\"300\" height=\"200\" src=\"https:\/\/emploi-services-gramat.fr\/wp-content\/uploads\/2025\/11\/menage-300x200.jpg\" class=\"attachment-medium size-medium wp-image-463\" alt=\"\" srcset=\"https:\/\/emploi-services-gramat.fr\/wp-content\/uploads\/2025\/11\/menage-300x200.jpg 300w, https:\/\/emploi-services-gramat.fr\/wp-content\/uploads\/2025\/11\/menage-1024x683.jpg 1024w, https:\/\/emploi-services-gramat.fr\/wp-content\/uploads\/2025\/11\/menage-768x512.jpg 768w, https:\/\/emploi-services-gramat.fr\/wp-content\/uploads\/2025\/11\/menage-1536x1024.jpg 1536w, https:\/\/emploi-services-gramat.fr\/wp-content\/uploads\/2025\/11\/menage.jpg 1920w\" sizes=\"(max-width: 300px) 100vw, 300px\" \/><\/div>\n\t\t<\/a>\n\t\t\t\t<div class=\"elementor-post__text\">\n\t\t\t\t<h4 class=\"elementor-post__title\">\n\t\t\t<a href=\"https:\/\/emploi-services-gramat.fr\/index.php\/2025\/11\/13\/garde-denfant-issendolus\/\" >\n\t\t\t\tEmploy\u00e9(e) de m\u00e9nage \u00e0 domicile (H\/F) | CANIAC DU CAUSSE (46240)\t\t\t<\/a>\n\t\t<\/h4>\n\t\t\t\t<div class=\"elementor-post__meta-data\">\n\t\t\t\t\t<span class=\"elementor-post-date\">\n\t\t\t13 November 2025\t\t<\/span>\n\t\t\t\t<\/div>\n\t\t\n\t\t<a class=\"elementor-post__read-more\" href=\"https:\/\/emploi-services-gramat.fr\/index.php\/2025\/11\/13\/garde-denfant-issendolus\/\" aria-label=\"Read more about Employ\u00e9(e) de m\u00e9nage \u00e0 domicile (H\/F) | CANIAC DU CAUSSE (46240)\" tabindex=\"-1\" >\n\t\t\tvoir l'annonce\t\t<\/a>\n\n\t\t\t\t<\/div>\n\t\t\t\t<\/article>\n\t\t\t\t<\/div>\n\t\t\n\t\t\t\t\t\t<\/div>\n\t\t\t\t<\/div>\n\t\t\t\t<\/div>\n\t\t\t\t\t<\/div>\n\t\t\t\t<\/div>\n\t\t<div class=\"elementor-element elementor-element-aaaac95 e-flex e-con-boxed e-con e-parent\" data-id=\"aaaac95\" data-element_type=\"container\">\n\t\t\t\t\t<div class=\"e-con-inner\">\n\t\t<div class=\"elementor-element elementor-element-551f1a4 e-con-full e-flex e-con e-child\" data-id=\"551f1a4\" data-element_type=\"container\">\n\t\t\t\t<div class=\"elementor-element elementor-element-1606cdd elementor-invisible elementor-widget elementor-widget-heading\" data-id=\"1606cdd\" data-element_type=\"widget\" data-settings=\"{&quot;_animation&quot;:&quot;fadeIn&quot;}\" data-widget_type=\"heading.default\">\n\t\t\t\t<div class=\"elementor-widget-container\">\n\t\t\t\t\t<h2 class=\"elementor-heading-title elementor-size-default\">Venez nous rencontrer \u00e0 l'association<\/h2>\t\t\t\t<\/div>\n\t\t\t\t<\/div>\n\t\t\t\t<div class=\"elementor-element elementor-element-d31b392 elementor-align-justify elementor-widget__width-initial elementor-invisible elementor-widget elementor-widget-button\" data-id=\"d31b392\" data-element_type=\"widget\" data-settings=\"{&quot;_animation&quot;:&quot;fadeIn&quot;,&quot;_animation_delay&quot;:450}\" data-widget_type=\"button.default\">\n\t\t\t\t<div class=\"elementor-widget-container\">\n\t\t\t\t\t\t\t\t\t<div class=\"elementor-button-wrapper\">\n\t\t\t\t\t<a class=\"elementor-button elementor-button-link elementor-size-sm\" href=\"https:\/\/emploi-services-gramat.fr\/index.php\/contact\/\">\n\t\t\t\t\t\t<span class=\"elementor-button-content-wrapper\">\n\t\t\t\t\t\t\t\t\t<span class=\"elementor-button-text\">nous contactez<\/span>\n\t\t\t\t\t<\/span>\n\t\t\t\t\t<\/a>\n\t\t\t\t<\/div>\n\t\t\t\t\t\t\t\t<\/div>\n\t\t\t\t<\/div>\n\t\t\t\t<\/div>\n\t\t<div class=\"elementor-element elementor-element-47830d0 e-con-full e-flex e-con e-child\" data-id=\"47830d0\" data-element_type=\"container\">\n\t\t\t\t<div class=\"elementor-element elementor-element-5ac7d59 elementor-invisible elementor-widget elementor-widget-image\" data-id=\"5ac7d59\" data-element_type=\"widget\" data-settings=\"{&quot;_animation&quot;:&quot;slideInDown&quot;,&quot;_animation_tablet&quot;:&quot;slideInLeft&quot;}\" data-widget_type=\"image.default\">\n\t\t\t\t<div class=\"elementor-widget-container\">\n\t\t\t\t\t\t\t\t\t\t\t\t\t\t\t<img decoding=\"async\" width=\"769\" height=\"1024\" src=\"https:\/\/emploi-services-gramat.fr\/wp-content\/uploads\/2025\/11\/Emploi-Service-facade-769x1024.jpg\" class=\"attachment-large size-large wp-image-360\" alt=\"\" srcset=\"https:\/\/emploi-services-gramat.fr\/wp-content\/uploads\/2025\/11\/Emploi-Service-facade-769x1024.jpg 769w, https:\/\/emploi-services-gramat.fr\/wp-content\/uploads\/2025\/11\/Emploi-Service-facade-225x300.jpg 225w, https:\/\/emploi-services-gramat.fr\/wp-content\/uploads\/2025\/11\/Emploi-Service-facade-768x1023.jpg 768w, https:\/\/emploi-services-gramat.fr\/wp-content\/uploads\/2025\/11\/Emploi-Service-facade-1153x1536.jpg 1153w, https:\/\/emploi-services-gramat.fr\/wp-content\/uploads\/2025\/11\/Emploi-Service-facade-1538x2048.jpg 1538w, https:\/\/emploi-services-gramat.fr\/wp-content\/uploads\/2025\/11\/Emploi-Service-facade-scaled.jpg 1922w\" sizes=\"(max-width: 769px) 100vw, 769px\" \/>\t\t\t\t\t\t\t\t\t\t\t\t\t\t\t<\/div>\n\t\t\t\t<\/div>\n\t\t\t\t<\/div>\n\t\t\t\t\t<\/div>\n\t\t\t\t<\/div>\n\t\t\t\t<\/div>\n\t\t","protected":false},"excerpt":{"rendered":"<p>Nos offres D\u00e9couvrez des offres d&#8217;emploi vari\u00e9es autour de la r\u00e9gion gramatoise Venez nous rencontrer \u00e0 l&#8217;association nous contactez<\/p>\n","protected":false},"author":1,"featured_media":0,"parent":0,"menu_order":0,"comment_status":"closed","ping_status":"closed","template":"elementor_header_footer","meta":{"footnotes":""},"class_list":["post-83","page","type-page","status-publish","hentry"],"yoast_head":"<!-- This site is optimized with the Yoast SEO plugin v26.4 - https:\/\/yoast.com\/wordpress\/plugins\/seo\/ -->\n<title>Offres d&#039;emploi - Emploi Services Gramat<\/title>\n<meta name=\"robots\" content=\"index, follow, max-snippet:-1, max-image-preview:large, max-video-preview:-1\" \/>\n<link rel=\"canonical\" href=\"https:\/\/emploi-services-gramat.fr\/index.php\/offredemplois\/\" \/>\n<meta property=\"og:locale\" content=\"en_US\" \/>\n<meta property=\"og:type\" content=\"article\" \/>\n<meta property=\"og:title\" content=\"Offres d&#039;emploi - Emploi Services Gramat\" \/>\n<meta property=\"og:description\" content=\"Nos offres D\u00e9couvrez des offres d&#8217;emploi vari\u00e9es autour de la r\u00e9gion gramatoise Venez nous rencontrer \u00e0 l&#8217;association nous contactez\" \/>\n<meta property=\"og:url\" content=\"https:\/\/emploi-services-gramat.fr\/index.php\/offredemplois\/\" \/>\n<meta property=\"og:site_name\" content=\"Emploi Services Gramat\" \/>\n<meta property=\"article:publisher\" content=\"https:\/\/www.facebook.com\/emploiservicesgramat\" \/>\n<meta property=\"article:modified_time\" content=\"2025-11-25T07:49:45+00:00\" \/>\n<meta property=\"og:image\" content=\"http:\/\/emploi-services-gramat.fr\/wp-content\/uploads\/2025\/11\/Emploi-Service-facade-769x1024.jpg\" \/>\n<meta name=\"twitter:card\" content=\"summary_large_image\" \/>\n<script type=\"application\/ld+json\" class=\"yoast-schema-graph\">{\"@context\":\"https:\/\/schema.org\",\"@graph\":[{\"@type\":\"WebPage\",\"@id\":\"https:\/\/emploi-services-gramat.fr\/index.php\/offredemplois\/\",\"url\":\"https:\/\/emploi-services-gramat.fr\/index.php\/offredemplois\/\",\"name\":\"Offres d'emploi - Emploi Services Gramat\",\"isPartOf\":{\"@id\":\"https:\/\/emploi-services-gramat.fr\/#website\"},\"primaryImageOfPage\":{\"@id\":\"https:\/\/emploi-services-gramat.fr\/index.php\/offredemplois\/#primaryimage\"},\"image\":{\"@id\":\"https:\/\/emploi-services-gramat.fr\/index.php\/offredemplois\/#primaryimage\"},\"thumbnailUrl\":\"http:\/\/emploi-services-gramat.fr\/wp-content\/uploads\/2025\/11\/Emploi-Service-facade-769x1024.jpg\",\"datePublished\":\"2025-09-10T09:59:53+00:00\",\"dateModified\":\"2025-11-25T07:49:45+00:00\",\"breadcrumb\":{\"@id\":\"https:\/\/emploi-services-gramat.fr\/index.php\/offredemplois\/#breadcrumb\"},\"inLanguage\":\"en-US\",\"potentialAction\":[{\"@type\":\"ReadAction\",\"target\":[\"https:\/\/emploi-services-gramat.fr\/index.php\/offredemplois\/\"]}]},{\"@type\":\"ImageObject\",\"inLanguage\":\"en-US\",\"@id\":\"https:\/\/emploi-services-gramat.fr\/index.php\/offredemplois\/#primaryimage\",\"url\":\"https:\/\/emploi-services-gramat.fr\/wp-content\/uploads\/2025\/11\/Emploi-Service-facade-scaled.jpg\",\"contentUrl\":\"https:\/\/emploi-services-gramat.fr\/wp-content\/uploads\/2025\/11\/Emploi-Service-facade-scaled.jpg\",\"width\":1922,\"height\":2560},{\"@type\":\"BreadcrumbList\",\"@id\":\"https:\/\/emploi-services-gramat.fr\/index.php\/offredemplois\/#breadcrumb\",\"itemListElement\":[{\"@type\":\"ListItem\",\"position\":1,\"name\":\"Accueil\",\"item\":\"https:\/\/emploi-services-gramat.fr\/\"},{\"@type\":\"ListItem\",\"position\":2,\"name\":\"Offres d&#8217;emploi\"}]},{\"@type\":\"WebSite\",\"@id\":\"https:\/\/emploi-services-gramat.fr\/#website\",\"url\":\"https:\/\/emploi-services-gramat.fr\/\",\"name\":\"Emploi Services Gramat\",\"description\":\"Association interm\u00e9diaire - Mise \u00e0 disposition de personnel\",\"publisher\":{\"@id\":\"https:\/\/emploi-services-gramat.fr\/#organization\"},\"potentialAction\":[{\"@type\":\"SearchAction\",\"target\":{\"@type\":\"EntryPoint\",\"urlTemplate\":\"https:\/\/emploi-services-gramat.fr\/?s={search_term_string}\"},\"query-input\":{\"@type\":\"PropertyValueSpecification\",\"valueRequired\":true,\"valueName\":\"search_term_string\"}}],\"inLanguage\":\"en-US\"},{\"@type\":\"Organization\",\"@id\":\"https:\/\/emploi-services-gramat.fr\/#organization\",\"name\":\"Emploi Services Gramat\",\"url\":\"https:\/\/emploi-services-gramat.fr\/\",\"logo\":{\"@type\":\"ImageObject\",\"inLanguage\":\"en-US\",\"@id\":\"https:\/\/emploi-services-gramat.fr\/#\/schema\/logo\/image\/\",\"url\":\"https:\/\/emploi-services-gramat.fr\/wp-content\/uploads\/2025\/09\/es-bord-b-scaled.png\",\"contentUrl\":\"https:\/\/emploi-services-gramat.fr\/wp-content\/uploads\/2025\/09\/es-bord-b-scaled.png\",\"width\":2560,\"height\":1334,\"caption\":\"Emploi Services Gramat\"},\"image\":{\"@id\":\"https:\/\/emploi-services-gramat.fr\/#\/schema\/logo\/image\/\"},\"sameAs\":[\"https:\/\/www.facebook.com\/emploiservicesgramat\"]}]}<\/script>\n<!-- \/ Yoast SEO plugin. -->","yoast_head_json":{"title":"Offres d'emploi - Emploi Services Gramat","robots":{"index":"index","follow":"follow","max-snippet":"max-snippet:-1","max-image-preview":"max-image-preview:large","max-video-preview":"max-video-preview:-1"},"canonical":"https:\/\/emploi-services-gramat.fr\/index.php\/offredemplois\/","og_locale":"en_US","og_type":"article","og_title":"Offres d'emploi - Emploi Services Gramat","og_description":"Nos offres D\u00e9couvrez des offres d&#8217;emploi vari\u00e9es autour de la r\u00e9gion gramatoise Venez nous rencontrer \u00e0 l&#8217;association nous contactez","og_url":"https:\/\/emploi-services-gramat.fr\/index.php\/offredemplois\/","og_site_name":"Emploi Services Gramat","article_publisher":"https:\/\/www.facebook.com\/emploiservicesgramat","article_modified_time":"2025-11-25T07:49:45+00:00","og_image":[{"url":"http:\/\/emploi-services-gramat.fr\/wp-content\/uploads\/2025\/11\/Emploi-Service-facade-769x1024.jpg","type":"","width":"","height":""}],"twitter_card":"summary_large_image","schema":{"@context":"https:\/\/schema.org","@graph":[{"@type":"WebPage","@id":"https:\/\/emploi-services-gramat.fr\/index.php\/offredemplois\/","url":"https:\/\/emploi-services-gramat.fr\/index.php\/offredemplois\/","name":"Offres d'emploi - Emploi Services Gramat","isPartOf":{"@id":"https:\/\/emploi-services-gramat.fr\/#website"},"primaryImageOfPage":{"@id":"https:\/\/emploi-services-gramat.fr\/index.php\/offredemplois\/#primaryimage"},"image":{"@id":"https:\/\/emploi-services-gramat.fr\/index.php\/offredemplois\/#primaryimage"},"thumbnailUrl":"http:\/\/emploi-services-gramat.fr\/wp-content\/uploads\/2025\/11\/Emploi-Service-facade-769x1024.jpg","datePublished":"2025-09-10T09:59:53+00:00","dateModified":"2025-11-25T07:49:45+00:00","breadcrumb":{"@id":"https:\/\/emploi-services-gramat.fr\/index.php\/offredemplois\/#breadcrumb"},"inLanguage":"en-US","potentialAction":[{"@type":"ReadAction","target":["https:\/\/emploi-services-gramat.fr\/index.php\/offredemplois\/"]}]},{"@type":"ImageObject","inLanguage":"en-US","@id":"https:\/\/emploi-services-gramat.fr\/index.php\/offredemplois\/#primaryimage","url":"https:\/\/emploi-services-gramat.fr\/wp-content\/uploads\/2025\/11\/Emploi-Service-facade-scaled.jpg","contentUrl":"https:\/\/emploi-services-gramat.fr\/wp-content\/uploads\/2025\/11\/Emploi-Service-facade-scaled.jpg","width":1922,"height":2560},{"@type":"BreadcrumbList","@id":"https:\/\/emploi-services-gramat.fr\/index.php\/offredemplois\/#breadcrumb","itemListElement":[{"@type":"ListItem","position":1,"name":"Accueil","item":"https:\/\/emploi-services-gramat.fr\/"},{"@type":"ListItem","position":2,"name":"Offres d&#8217;emploi"}]},{"@type":"WebSite","@id":"https:\/\/emploi-services-gramat.fr\/#website","url":"https:\/\/emploi-services-gramat.fr\/","name":"Emploi Services Gramat","description":"Association interm\u00e9diaire - Mise \u00e0 disposition de personnel","publisher":{"@id":"https:\/\/emploi-services-gramat.fr\/#organization"},"potentialAction":[{"@type":"SearchAction","target":{"@type":"EntryPoint","urlTemplate":"https:\/\/emploi-services-gramat.fr\/?s={search_term_string}"},"query-input":{"@type":"PropertyValueSpecification","valueRequired":true,"valueName":"search_term_string"}}],"inLanguage":"en-US"},{"@type":"Organization","@id":"https:\/\/emploi-services-gramat.fr\/#organization","name":"Emploi Services Gramat","url":"https:\/\/emploi-services-gramat.fr\/","logo":{"@type":"ImageObject","inLanguage":"en-US","@id":"https:\/\/emploi-services-gramat.fr\/#\/schema\/logo\/image\/","url":"https:\/\/emploi-services-gramat.fr\/wp-content\/uploads\/2025\/09\/es-bord-b-scaled.png","contentUrl":"https:\/\/emploi-services-gramat.fr\/wp-content\/uploads\/2025\/09\/es-bord-b-scaled.png","width":2560,"height":1334,"caption":"Emploi Services Gramat"},"image":{"@id":"https:\/\/emploi-services-gramat.fr\/#\/schema\/logo\/image\/"},"sameAs":["https:\/\/www.facebook.com\/emploiservicesgramat"]}]}},"_links":{"self":[{"href":"https:\/\/emploi-services-gramat.fr\/index.php\/wp-json\/wp\/v2\/pages\/83","targetHints":{"allow":["GET"]}}],"collection":[{"href":"https:\/\/emploi-services-gramat.fr\/index.php\/wp-json\/wp\/v2\/pages"}],"about":[{"href":"https:\/\/emploi-services-gramat.fr\/index.php\/wp-json\/wp\/v2\/types\/page"}],"author":[{"embeddable":true,"href":"https:\/\/emploi-services-gramat.fr\/index.php\/wp-json\/wp\/v2\/users\/1"}],"replies":[{"embeddable":true,"href":"https:\/\/emploi-services-gramat.fr\/index.php\/wp-json\/wp\/v2\/comments?post=83"}],"version-history":[{"count":18,"href":"https:\/\/emploi-services-gramat.fr\/index.php\/wp-json\/wp\/v2\/pages\/83\/revisions"}],"predecessor-version":[{"id":480,"href":"https:\/\/emploi-services-gramat.fr\/index.php\/wp-json\/wp\/v2\/pages\/83\/revisions\/480"}],"wp:attachment":[{"href":"https:\/\/emploi-services-gramat.fr\/index.php\/wp-json\/wp\/v2\/media?parent=83"}],"curies":[{"name":"wp","href":"https:\/\/api.w.org\/{rel}","templated":true}]}}